{"id":3174,"date":"2018-11-30T14:06:32","date_gmt":"2018-11-30T13:06:32","guid":{"rendered":"https:\/\/noviziato.gesuiti.it\/privacy-e-cookie\/"},"modified":"2018-12-10T11:18:03","modified_gmt":"2018-12-10T10:18:03","slug":"privacy-e-cookie","status":"publish","type":"page","link":"https:\/\/noviziato.gesuiti.it\/en\/privacy-e-cookie\/","title":{"rendered":"Privacy policy e cookie law"},"content":{"rendered":"<p>Ultima modifica: [wpv-post-date type=&#8221;modified&#8221;]<\/p>\n<p>La seguente informativa \u00e8 resa ai sensi dell\u2019art. 13 del Regolamento (UE) n. 679\/2016 (di seguito \u201cGDPR\u201d) a tutti gli utenti che interagiscono con i servizi web accessibili per via telematica a partire dall\u2019indirizzo del sito ufficiale di [wpv-bloginfo show=&#8221;url&#8221;]<\/p>\n<p>L\u2019informativa \u00e8 resa esclusivamente per il sito in oggetto e non anche per altri siti web eventualmente consultabili dall\u2019utente tramite link.<\/p>\n<h2>Titolare del trattamento<\/h2>\n<p>A seguito della consultazione di questo sito possono essere trattati dati relativi a persone identificate o identificabili.<\/p>\n<p>Il titolare del loro trattamento \u00e8 <strong>Provincia d&#8217;Italia della Compagnia di Ges\u00f9<\/strong> (di seguito &#8220;Titolare&#8221; o &#8220;Ente&#8221;).<\/p>\n<h2>Tipi di dati trattati e finalit\u00e0 del trattamento<\/h2>\n<h3>Dati di navigazione<\/h3>\n<p>I sistemi informatici e le procedure software preposte al funzionamento di questo sito web acquisiscono, nel corso del loro normale esercizio, alcuni dati personali la cui trasmissione \u00e8 implicita nell\u2019uso dei protocolli di comunicazione di Internet. Si tratta di informazioni che non sono raccolte per essere associate a interessati identificati, ma che per loro stessa natura potrebbero, attraverso elaborazioni ed associazioni con dati detenuti da terzi, permettere di identificare gli utenti.<\/p>\n<p>In questa categoria di dati rientrano gli indirizzi IP o i nomi a dominio dei computer utilizzati dagli utenti che si connettono al sito, gli indirizzi in notazione URI (Uniform Resource Identifier) delle risorse richieste, l\u2019orario della richiesta, il metodo utilizzato nel sottoporre la richiesta al server, la dimensione del file ottenuto in risposta, il codice numerico indicante lo stato della risposta data dal server (buon fine, errore, ecc.) ed altri parametri relativi al sistema operativo e all\u2019ambiente informatico dell\u2019utente.<\/p>\n<p>Questi dati vengono utilizzati al solo fine di ricavare informazioni statistiche anonime sull\u2019uso del sito e per controllarne il corretto funzionamento. I dati potrebbero essere utilizzati per l\u2019accertamento di responsabilit\u00e0 in caso di ipotetici reati informatici ai danni del sito: i dati sono cancellati dopo 12 mesi.<\/p>\n<h3>Dati forniti volontariamente dall&#8217;utente<\/h3>\n<p>L\u2019invio facoltativo, esplicito e volontario di posta elettronica agli indirizzi indicati su questo sito comporta la successiva acquisizione dell\u2019indirizzo del mittente, necessario per rispondere alle richieste, nonch\u00e9 degli eventuali altri dati personali inseriti nella missiva.<\/p>\n<p>Specifiche informative di sintesi verranno progressivamente riportate o visualizzate nelle pagine del sito predisposte per particolari servizi a richiesta.<\/p>\n<p>Fra i Dati Personali raccolti da questa Applicazione, in modo autonomo o tramite terze parti, ci sono:<\/p>\n<ul>\n<li>Cookies<\/li>\n<li>Dati di utilizzo<\/li>\n<li>Nome<\/li>\n<li>Numero di telefono<\/li>\n<li>E-mail<\/li>\n<\/ul>\n<h3>Tempi di conservazione<\/h3>\n<p>I dati sono conservati per il periodo previsto dalla normativa e dai provvedimenti del Garante. In particolare i dati sono conservati per un massimo di un anno con riferimento agli eventuali cookie di profilazione.<\/p>\n<h2>Cookie<\/h2>\n<p>Il Titolare utilizza i cookie per raccogliere dati statistici sui visitatori e per registrare informazioni sui modi di esplorazione di questo sito web. Lo scopo \u00e8 esclusivamente migliorare la qualit\u00e0 e la collocazione delle informazioni e dei servizi offerti dal nostro sito ai visitatori.<\/p>\n<p>I siti web si avvalgono di tecniche utili e intelligenti per aumentare la semplicit\u00e0 di utilizzo e rendere i siti pi\u00f9 interessanti per ogni visitatore. Una delle tecniche pi\u00f9 conosciute prevede il ricorso ai cookie. I cookie possono essere utilizzati dai proprietari di siti web o da terze parti, ad esempio inserzionisti pubblicitari, che comunicano attraverso il sito web visitato.<\/p>\n<p>I cookie sono piccoli file di testo che il sito web memorizza nei computer degli utenti. Le informazioni contenute nei cookie possono essere utilizzate anche per tenere traccia dell\u2019esplorazione effettuata in diversi siti web che si avvalgono dello stesso cookie.<\/p>\n<p>I cookie sono classificati in base alla durata e al sito che li ha impostati.<\/p>\n<p>Riteniamo che sia essenziale fornire agli utenti informazioni sui cookie di cui il nostro sito web si avvale e sugli scopi per cui vengono utilizzati. L\u2019obiettivo \u00e8 triplice: garantire la tua privacy, assicurare la semplicit\u00e0 di utilizzo e ottimizzare lo sviluppo del nostro sito web. La spiegazione riportata di seguito illustra pi\u00f9 dettagliatamente i cookie utilizzati nel nostro sito web e i relativi scopi.<\/p>\n<h3>Utilizzo dei cookie da parte dell&#8217;Ente<\/h3>\n<p>L\u2019Ente utilizza i cookie per raccogliere dati statistici sui visitatori e per registrare informazioni sui modi di esplorazione di questo sito web, che consentano di avere una rappresentazione complessiva dell\u2019utilizzo che ne viene fatto. Lo scopo \u00e8 esclusivamente migliorare la qualit\u00e0 e la collocazione delle informazioni e dei servizi offerti dal nostro sito ai visitatori.<\/p>\n<h3>Cookies e relative funzionalit\u00e0<\/h3>\n<p>A seconda dei singoli obiettivi, si utilizzano cookie differenti. Di seguito viene fornito un elenco dei tipi di cookie pi\u00f9 diffusi e degli scopi per cui vengono utilizzati.<\/p>\n<h4>Cookie di sessione<\/h4>\n<p>I cookie di sessione vengono archiviati temporaneamente nella memoria del computer durante l\u2019esplorazione di un sito, ad esempio, per tenere traccia della lingua scelta. I cookie di sessione rimangono memorizzati nel computer per un breve periodo di tempo. Vengono infatti eliminati non appena l\u2019utente chiude il browser web.<\/p>\n<h4>Cookie permanenti o traccianti<\/h4>\n<p>I cookie permanenti salvano un file sul computer per un lungo periodo di tempo. Questo tipo di cookie possiede una data di scadenza. I cookie permanenti consentono ai siti web di ricordare informazioni e impostazioni alle successive visite degli utenti, rendendo cos\u00ec l\u2019esplorazione pi\u00f9 pratica e rapida, poich\u00e9, ad esempio, non \u00e8 pi\u00f9 necessario effettuare l\u2019accesso. Alla data di scadenza, il cookie viene automaticamente eliminato quando si effettua il primo accesso al sito web che lo ha creato.<\/p>\n<h4>Cookie di prime parti<\/h4>\n<p>Questi cookie vengono impostati dai siti web stessi (con dominio uguale a quello indicato nella barra degli indirizzi del browser) e possono essere letti solo da tali siti. Vengono comunemente utilizzati per archiviare informazioni quali le preferenze, da utilizzare alle successive visite al sito.<\/p>\n<h4>Cookie di terze parti<\/h4>\n<p>Questi cookie vengono impostati da domini diversi da quello indicato nella barra degli indirizzi del browser, ovvero da organizzazioni che non corrispondono ai proprietari dei siti web.<\/p>\n<p>I cookie utilizzati, ad esempio, per raccogliere informazioni a fini pubblicitari e di personalizzazione dei contenuti, oltre che per elaborare statistiche web, possono essere \u201ccookie di terze parti\u201d.<\/p>\n<p>I cookie di terze parti consentono di ottenere sondaggi pi\u00f9 completi delle abitudini di esplorazione degli utenti e si ritiene che siano pi\u00f9 sensibili dal punto di vista dell\u2019integrit\u00e0. Per questo motivo, la maggior parte dei browser web permette di modificare le impostazioni in modo che tali cookie non vengano accettati.<\/p>\n<p>Di seguito un elenco dei servizi utilizzati su questo sito che impostano cookie di terze parti:<\/p>\n<ul>\n<li style=\"list-style-type: none;\">\n<ul>\n<li>Google Analytics<\/li>\n<li>Hotjar<\/li>\n<li>Google Maps<\/li>\n<li>Youtube<\/li>\n<li>Pulsanti e widget per la condivisione sui social network (Facebook, Twitter, Google Plus)<\/li>\n<\/ul>\n<\/li>\n<\/ul>\n<p>&nbsp;<\/p>\n<h3>Gestione dei cookies<\/h3>\n<p>Poich\u00e9 i cookies sono normali file di testo, \u00e8 possibile accedervi utilizzando la maggior parte degli editor di testo o dei programmi di elaborazione testi. Per aprirli, \u00e8 sufficiente fare clic su di essi. Di seguito \u00e8 riportato un elenco di collegamenti che spiegano come visualizzare i cookie all\u2019interno dei vari browser. Se il vostro browser non \u00e8 presente, fate riferimento alle informazioni sui cookie fornite dal browser stesso. Se utilizzate un telefono cellulare, consultate il relativo manuale per reperire ulteriori informazioni.<\/p>\n<ul>\n<li>Firefox: <a href=\"https:\/\/support.mozilla.org\/it\/kb\/Eliminare%20i%20cookie\">https:\/\/support.mozilla.org\/it\/kb\/Eliminare%20i%20cookie<\/a><\/li>\n<li>Chrome: <a href=\"https:\/\/support.google.com\/chrome\/answer\/95647?hl=it\">https:\/\/support.google.com\/chrome\/answer\/95647?hl=it<\/a><\/li>\n<li>Internet Explorer: <a href=\"https:\/\/support.microsoft.com\/it-it\/help\/17442\/windows-internet-explorer-delete-manage-cookies\">https:\/\/support.microsoft.com\/it-it\/help\/17442\/windows-internet-explorer-delete-manage-cookies<\/a><\/li>\n<li>Safari: <a href=\"https:\/\/support.apple.com\/it-it\/guide\/safari\/manage-cookies-and-website-data-sfri11471\/mac\">https:\/\/support.apple.com\/it-it\/guide\/safari\/manage-cookies-and-website-data-sfri11471\/mac<\/a><\/li>\n<\/ul>\n<h3>Disattivazione\/attivazione o eliminazione dei cookie<\/h3>\n<p>I cookie possono essere limitati o bloccati mediante le impostazioni del browser.<\/p>\n<p>Se preferite che i siti web non memorizzino alcun cookie nel vostro computer, impostate il browser in modo da ricevere una notifica prima dell\u2019archiviazione di ogni cookie. In alternativa, potete impostare il browser in modo che rifiuti tutti i cookie o solo i cookie di terze parti. Potete anche eliminare tutti i cookie gi\u00e0 presenti nel sistema. \u00c8 importante sottolineare che le impostazioni devono essere modificate separatamente in ogni browser e computer utilizzato.<\/p>\n<p>Se impostate il blocco della memorizzazione dei cookie, l\u2019Ente non pu\u00f2 garantire un corretto funzionamento del sito web. Alcune funzioni del sito potrebbero risultare non disponibili e potrebbe non essere pi\u00f9 possibile visualizzare determinati siti web. Inoltre, il blocco dei cookie non elimina la visualizzazione degli annunci pubblicitari. Semplicemente, questi non saranno pi\u00f9 personalizzati in base ai vostri interessi e verranno riproposti con maggiore frequenza.<\/p>\n<p>In ogni browser le impostazioni vengono modificate seguendo una diversa procedura.<\/p>\n<p>Se necessario, per definire impostazioni corrette utilizzate la funzione di Guida del browser.<\/p>\n<p>Per disattivare i cookie su un telefono cellulare, consultate il relativo manuale per reperire ulteriori informazioni.<\/p>\n<p>Informazioni pi\u00f9 dettagliate relative ai cookie su Internet sono disponibili all\u2019indirizzo <a href=\"http:\/\/www.aboutcookies.org\/\">http:\/\/www.aboutcookies.org\/<\/a><\/p>\n<h4>Altri cookie\/cookie imprevisti<\/h4>\n<p>Considerando il funzionamento di Internet e dei siti web, non sempre siamo in grado di controllare i cookie che vengono memorizzati da terze parti attraverso il nostro sito web.<\/p>\n<p>Questo vale soprattutto nei casi in cui la pagina web contenga i cosiddetti elementi incorporati: testi, documenti, immagini o brevi filmati che sono archiviati altrove, ma vengono visualizzati nel o attraverso il nostro sito web.\u2028 Di conseguenza, qualora nel sito web venisse rilevato un cookie non imputabile ad uno dei servizi di terze parti elencato, vi preghiamo di comunicarcelo. In alternativa, potete contattare direttamente le terze parti interessate e chiedere informazioni sui cookie che inviano, a quali scopi, qual \u00e8 la loro durata e come garantiscono la privacy degli utenti.<\/p>\n<h2>Luogo e modalit\u00e0 del trattamento<\/h2>\n<p>I trattamenti connessi ai servizi web di questo sito hanno luogo presso la sede dell\u2019Ente e sono curati solo da personale tecnico dell\u2019Ente incaricato del trattamento, oppure, in ipotesi di occasionali necessit\u00e0 tecniche, dal professionista che cura la manutenzione del sito.<\/p>\n<p>I dati personali sono trattati con strumenti informatici e telematici e\/o manualmente (ad es. su supporto cartaceo) per il tempo strettamente necessario a conseguire gli scopi per cui sono stati raccolti. Specifiche misure di sicurezza sono osservate per prevenire la perdita dei dati, usi illeciti o non corretti ed accessi non autorizzati.<\/p>\n<p>Per il servizio di newsletter, i dati saranno trasferiti al di fuori dello Spazio Economico Europeo e trattati secondo i criteri indicati nella <a href=\"https:\/\/mailchimp.com\/legal\/privacy\/\" target=\"_blank\" rel=\"noopener\">privacy policy di Mailchimp<\/a>.<\/p>\n<p>Come fornitore di servizi e-mail usiamo Gmail. I dati forniti attraverso i moduli di contatto o scrivendo direttamente agli indirizzi e-mail indicati sul sito potrebbero essere trasferiti al di fuori dello Spazio Economico Europeo, e verranno trattati secondo i criteri indicati nella <a href=\"https:\/\/policies.google.com\/privacy?hl=it\">privacy policy di Google<\/a>.<\/p>\n<h2>Facoltativit\u00e0 del conferimento dei dati<\/h2>\n<p>A parte quanto specificato per i dati di navigazione, l\u2019utente \u00e8 libero di fornire i dati personali riportati nei moduli di richiesta all\u2019Ente o comunque indicati in contatti con la stessa. Il loro mancato conferimento pu\u00f2 comportare l\u2019impossibilit\u00e0 di ottenere quanto richiesto.<\/p>\n<h2>Diritti degli interessati<\/h2>\n<p>In sostanza, in ogni momento ed a titolo gratuito e senza oneri e formalit\u00e0 particolari per la Sua richiesta, pu\u00f2 richiedere di:<\/p>\n<ul>\n<li>ottenere conferma del trattamento dei Suoi dati personali;<\/li>\n<li>accedere ai Suoi dati personali e conoscerne l\u2019origine (quando i dati non sono ottenuti da Lei direttamente), le finalit\u00e0 e gli scopi del trattamento, i dati dei soggetti a cui essi sono comunicati, il periodo di conservazione dei Suoi dati o i criteri utili per determinarlo;<\/li>\n<li>aggiornare o rettificare i Suoi dati personali in modo che siano sempre esatti e accurati;<\/li>\n<li>cancellare, nelle ipotesi previste dalla legge, i Suoi dati personali o chiederne la limitazione del trattamento;<\/li>\n<li>ottenere copia dei Suoi dati personali.<\/li>\n<\/ul>\n<p>Eventuali richieste saranno evase al pi\u00f9 tardi entro un mese dal ricevimento, salvo la possibilit\u00e0 di prorogare tale termine per ulteriori due mesi, se necessario, tenuto conto della complessit\u00e0 e del numero delle richieste ricevute dal Titolare.<\/p>\n<p>Per ogni ulteriore informazione e comunque per inviare la Sua richiesta deve rivolgersi al Titolare, all\u2019indirizzo indicato nella presente informativa.<\/p>\n<p>Le ricordiamo che pu\u00f2 presentare un reclamo al Garante per la protezione dei dati personali in Italia, salvo che, per specifiche disposizioni di legge relative alla tua situazione sia competente un\u2019autorit\u00e0 di controllo di altro Stato membro dell\u2019Unione Europea.<\/p>\n<p>Le richieste vanno rivolte al Titolare del Trattamento al seguente indirizzo:<\/p>\n<p>Provincia d&#8217;Italia della Compagnia di Ges\u00f9<br \/>\nVia degli Astalli 16<br \/>\n00186 Roma<br \/>\n<a href=\"mailto:privacy@gesuiti.it\">privacy@gesuiti.it<\/a><\/p>\n","protected":false},"excerpt":{"rendered":"<p>Ultima modifica: [wpv-post-date type=&#8221;modified&#8221;] La seguente informativa \u00e8 resa ai sensi dell\u2019art. 13 del Regolamento (UE) n. 679\/2016 (di seguito \u201cGDPR\u201d) a tutti gli utenti che interagiscono con i servizi web accessibili per via telematica a partire dall\u2019indirizzo del sito ufficiale di [wpv-bloginfo show=&#8221;url&#8221;] L\u2019informativa \u00e8 resa esclusivamente per il<a class=\"continua\" href=\"https:\/\/noviziato.gesuiti.it\/en\/privacy-e-cookie\/\"> [read more&#8230;]<\/a><\/p>\n","protected":false},"author":14,"featured_media":0,"parent":0,"menu_order":0,"comment_status":"closed","ping_status":"closed","template":"","meta":{"footnotes":""},"class_list":["post-3174","page","type-page","status-publish","hentry"],"yoast_head":"<!-- This site is optimized with the Yoast SEO plugin v27.4 - https:\/\/yoast.com\/product\/yoast-seo-wordpress\/ -->\n<title>Privacy policy e cookie law - Jesuit Novitiate<\/title>\n<meta name=\"robots\" content=\"noindex, nofollow\" \/>\n<meta property=\"og:locale\" content=\"en_US\" \/>\n<meta property=\"og:type\" content=\"article\" \/>\n<meta property=\"og:title\" content=\"Privacy policy e cookie law - Jesuit Novitiate\" \/>\n<meta property=\"og:description\" content=\"Ultima modifica: [wpv-post-date type=&#8221;modified&#8221;] La seguente informativa \u00e8 resa ai sensi dell\u2019art. 13 del Regolamento (UE) n. 679\/2016 (di seguito \u201cGDPR\u201d) a tutti gli utenti che interagiscono con i servizi web accessibili per via telematica a partire dall\u2019indirizzo del sito ufficiale di [wpv-bloginfo show=&#8221;url&#8221;] L\u2019informativa \u00e8 resa esclusivamente per il [read more...]\" \/>\n<meta property=\"og:url\" content=\"https:\/\/noviziato.gesuiti.it\/en\/privacy-e-cookie\/\" \/>\n<meta property=\"og:site_name\" content=\"Jesuit Novitiate\" \/>\n<meta property=\"article:modified_time\" content=\"2018-12-10T10:18:03+00:00\" \/>\n<meta name=\"twitter:card\" content=\"summary_large_image\" \/>\n<meta name=\"twitter:label1\" content=\"Est. reading time\" \/>\n\t<meta name=\"twitter:data1\" content=\"10 minutes\" \/>\n<script type=\"application\/ld+json\" class=\"yoast-schema-graph\">{\"@context\":\"https:\\\/\\\/schema.org\",\"@graph\":[{\"@type\":\"WebPage\",\"@id\":\"https:\\\/\\\/noviziato.gesuiti.it\\\/en\\\/privacy-e-cookie\\\/\",\"url\":\"https:\\\/\\\/noviziato.gesuiti.it\\\/en\\\/privacy-e-cookie\\\/\",\"name\":\"Privacy policy e cookie law - Jesuit Novitiate\",\"isPartOf\":{\"@id\":\"https:\\\/\\\/noviziato.gesuiti.it\\\/#website\"},\"datePublished\":\"2018-11-30T13:06:32+00:00\",\"dateModified\":\"2018-12-10T10:18:03+00:00\",\"breadcrumb\":{\"@id\":\"https:\\\/\\\/noviziato.gesuiti.it\\\/en\\\/privacy-e-cookie\\\/#breadcrumb\"},\"inLanguage\":\"en-US\",\"potentialAction\":[{\"@type\":\"ReadAction\",\"target\":[\"https:\\\/\\\/noviziato.gesuiti.it\\\/en\\\/privacy-e-cookie\\\/\"]}]},{\"@type\":\"BreadcrumbList\",\"@id\":\"https:\\\/\\\/noviziato.gesuiti.it\\\/en\\\/privacy-e-cookie\\\/#breadcrumb\",\"itemListElement\":[{\"@type\":\"ListItem\",\"position\":1,\"name\":\"Home\",\"item\":\"https:\\\/\\\/noviziato.gesuiti.it\\\/\"},{\"@type\":\"ListItem\",\"position\":2,\"name\":\"Privacy policy e cookie law\"}]},{\"@type\":\"WebSite\",\"@id\":\"https:\\\/\\\/noviziato.gesuiti.it\\\/#website\",\"url\":\"https:\\\/\\\/noviziato.gesuiti.it\\\/\",\"name\":\"Jesuit Novitiate\",\"description\":\"Novitiate of the Euro-Mediterranean Province of the Society of Jesus\",\"potentialAction\":[{\"@type\":\"SearchAction\",\"target\":{\"@type\":\"EntryPoint\",\"urlTemplate\":\"https:\\\/\\\/noviziato.gesuiti.it\\\/?s={search_term_string}\"},\"query-input\":{\"@type\":\"PropertyValueSpecification\",\"valueRequired\":true,\"valueName\":\"search_term_string\"}}],\"inLanguage\":\"en-US\"}]}<\/script>\n<!-- \/ Yoast SEO plugin. -->","yoast_head_json":{"title":"Privacy policy e cookie law - Jesuit Novitiate","robots":{"index":"noindex","follow":"nofollow"},"og_locale":"en_US","og_type":"article","og_title":"Privacy policy e cookie law - Jesuit Novitiate","og_description":"Ultima modifica: [wpv-post-date type=&#8221;modified&#8221;] La seguente informativa \u00e8 resa ai sensi dell\u2019art. 13 del Regolamento (UE) n. 679\/2016 (di seguito \u201cGDPR\u201d) a tutti gli utenti che interagiscono con i servizi web accessibili per via telematica a partire dall\u2019indirizzo del sito ufficiale di [wpv-bloginfo show=&#8221;url&#8221;] L\u2019informativa \u00e8 resa esclusivamente per il [read more...]","og_url":"https:\/\/noviziato.gesuiti.it\/en\/privacy-e-cookie\/","og_site_name":"Jesuit Novitiate","article_modified_time":"2018-12-10T10:18:03+00:00","twitter_card":"summary_large_image","twitter_misc":{"Est. reading time":"10 minutes"},"schema":{"@context":"https:\/\/schema.org","@graph":[{"@type":"WebPage","@id":"https:\/\/noviziato.gesuiti.it\/en\/privacy-e-cookie\/","url":"https:\/\/noviziato.gesuiti.it\/en\/privacy-e-cookie\/","name":"Privacy policy e cookie law - Jesuit Novitiate","isPartOf":{"@id":"https:\/\/noviziato.gesuiti.it\/#website"},"datePublished":"2018-11-30T13:06:32+00:00","dateModified":"2018-12-10T10:18:03+00:00","breadcrumb":{"@id":"https:\/\/noviziato.gesuiti.it\/en\/privacy-e-cookie\/#breadcrumb"},"inLanguage":"en-US","potentialAction":[{"@type":"ReadAction","target":["https:\/\/noviziato.gesuiti.it\/en\/privacy-e-cookie\/"]}]},{"@type":"BreadcrumbList","@id":"https:\/\/noviziato.gesuiti.it\/en\/privacy-e-cookie\/#breadcrumb","itemListElement":[{"@type":"ListItem","position":1,"name":"Home","item":"https:\/\/noviziato.gesuiti.it\/"},{"@type":"ListItem","position":2,"name":"Privacy policy e cookie law"}]},{"@type":"WebSite","@id":"https:\/\/noviziato.gesuiti.it\/#website","url":"https:\/\/noviziato.gesuiti.it\/","name":"Jesuit Novitiate","description":"Novitiate of the Euro-Mediterranean Province of the Society of Jesus","potentialAction":[{"@type":"SearchAction","target":{"@type":"EntryPoint","urlTemplate":"https:\/\/noviziato.gesuiti.it\/?s={search_term_string}"},"query-input":{"@type":"PropertyValueSpecification","valueRequired":true,"valueName":"search_term_string"}}],"inLanguage":"en-US"}]}},"_links":{"self":[{"href":"https:\/\/noviziato.gesuiti.it\/en\/wp-json\/wp\/v2\/pages\/3174","targetHints":{"allow":["GET"]}}],"collection":[{"href":"https:\/\/noviziato.gesuiti.it\/en\/wp-json\/wp\/v2\/pages"}],"about":[{"href":"https:\/\/noviziato.gesuiti.it\/en\/wp-json\/wp\/v2\/types\/page"}],"author":[{"embeddable":true,"href":"https:\/\/noviziato.gesuiti.it\/en\/wp-json\/wp\/v2\/users\/14"}],"replies":[{"embeddable":true,"href":"https:\/\/noviziato.gesuiti.it\/en\/wp-json\/wp\/v2\/comments?post=3174"}],"version-history":[{"count":0,"href":"https:\/\/noviziato.gesuiti.it\/en\/wp-json\/wp\/v2\/pages\/3174\/revisions"}],"wp:attachment":[{"href":"https:\/\/noviziato.gesuiti.it\/en\/wp-json\/wp\/v2\/media?parent=3174"}],"curies":[{"name":"wp","href":"https:\/\/api.w.org\/{rel}","templated":true}]}}